{"id":3,"date":"2022-03-21T13:15:40","date_gmt":"2022-03-21T13:15:40","guid":{"rendered":"https:\/\/forestcloud.io\/?page_id=3"},"modified":"2025-01-29T16:38:51","modified_gmt":"2025-01-29T16:38:51","slug":"privacy-policy","status":"publish","type":"page","link":"https:\/\/forestcloud.io\/it\/privacy-policy\/","title":{"rendered":"Informativa sulla privacy"},"content":{"rendered":"<p>Venidicta S.R.O. (\"Forest Cloud\", \"noi\", \"ci\" o \"nostro\") rispetta la tua privacy e si impegna a proteggere i tuoi dati. Ti invitiamo a leggere attentamente la presente Informativa sulla Privacy (\"Informativa sulla Privacy\") in quanto contiene importanti informazioni relative al trattamento dei tuoi dati personali. Questa informativa sulla privacy ti informa su come gestiamo i tuoi dati quando utilizzi i nostri servizi e ti informa sui tuoi diritti alla privacy e su come la legge ti protegge.<\/p>\n\n\n\n<p>Per spiegare le cose nel modo pi\u00f9 chiaro possibile in questa Informativa sulla privacy, ogni volta che si fa riferimento a uno qualsiasi di questi termini, essi sono rigorosamente definiti come:<\/p>\n\n\n\n<ul class=\"wp-block-list\">\n<li>Cliente: si riferisce all'azienda, all'organizzazione o alla persona che si iscrive al Servizio Forest Cloud per gestire i rapporti con i propri consumatori o utenti del servizio.<\/li>\n\n\n\n<li>Dispositivo: qualsiasi dispositivo connesso a internet come un telefono, un tablet, un computer o qualsiasi altro dispositivo che pu\u00f2 essere utilizzato per visitare Forest Cloud e utilizzare i servizi.<\/li>\n\n\n\n<li>Indirizzo IP: A ogni dispositivo connesso a Internet viene assegnato un numero noto come indirizzo IP (Internet Protocol). Questi numeri sono solitamente assegnati in blocchi geografici. Un indirizzo IP pu\u00f2 spesso identificare il luogo in cui un dispositivo si connette a Internet.<\/li>\n\n\n\n<li>Personale: si riferisce a persone impiegate da Forest Cloud o che sono sotto contratto per eseguire un servizio per conto di una delle parti.<\/li>\n\n\n\n<li>Dati personali: Qualsiasi informazione che direttamente, indirettamente o in connessione con altre informazioni - incluso un numero di identificazione personale - consente l'identificazione o l'identificabilit\u00e0 di una persona fisica.<\/li>\n\n\n\n<li>Servizio: si riferisce al servizio fornito da Forest Cloud come descritto nei relativi termini (se disponibili) e su questa piattaforma.<\/li>\n\n\n\n<li>Servizio di terze parti: si riferisce a inserzionisti, sponsor di concorsi, partner promozionali e di marketing e altri soggetti che forniscono i nostri contenuti o i cui prodotti o servizi riteniamo possano interessarti.<\/li>\n\n\n\n<li>Sito web: Il sito di Venidicta S.R.O., accessibile tramite questo URL:<\/li>\n\n\n\n<li>Utente: persona o entit\u00e0 registrata presso Forest Cloud per utilizzare i Servizi<\/li>\n<\/ul>\n\n\n\n<p><strong>INFORMAZIONI CHE RACCOGLIAMO<\/strong><\/p>\n\n\n\n<p>Durante la compilazione del nostro modulo di registrazione online, ti chiediamo di fornirci informazioni personali, come il tuo nome e i tuoi dati di contatto. L'utente \u00e8 tenuto a fornire dati completi, accurati e corretti e conferma che i dati forniti sono corretti. La legge non ti obbliga a fornire alla Societ\u00e0 i tuoi dati. Tuttavia, se fornisci informazioni false, errate, non aggiornate o solo parziali, ci\u00f2 potrebbe compromettere la nostra capacit\u00e0 di contattarti. Quando fornisci alla Societ\u00e0 i dati personali di un'altra persona, dichiari e garantisci di aver ricevuto l'esplicito consenso scritto dell'altra persona a fornire tali dati alla Societ\u00e0 e a utilizzarli in base alla presente Politica. La Societ\u00e0 pu\u00f2 raccogliere informazioni relative alla tua attivit\u00e0 sul Sito web, tra cui le informazioni o i contenuti che hai letto, la durata della tua sessione, le pagine web che hai guardato, i servizi che ti interessano, la posizione del computer e l'indirizzo IP (Internet Protocol) attraverso cui hai avuto accesso al Sito web e altro ancora. Inoltre, la Societ\u00e0 pu\u00f2 raccogliere o avvalersi dell'assistenza di terzi per raccogliere e analizzare informazioni anonime, statistiche o aggregative relative all'utilizzo del Sito web da parte dell'utente<\/p>\n\n\n\n<p><strong>UTILIZZO DELLE INFORMAZIONI RACCOLTE<\/strong><\/p>\n\n\n\n<p>Conserveremo le informazioni fornite dall'utente e quelle raccolte sulla sua attivit\u00e0 sul Sito web nel nostro database (il \"Database\"). Utilizzeremo le informazioni in base alla presente Politica e a qualsiasi legge applicabile, anche per i seguenti scopi:<\/p>\n\n\n\n<ul class=\"wp-block-list\">\n<li>Fornire i servizi del Sito web e consentire all'utente di utilizzarli;<\/li>\n\n\n\n<li>Sviluppare e migliorare i nostri prodotti e servizi nel loro complesso e migliorare ed espandere i servizi e i contenuti offerti sul Sito web, creare nuovi servizi e contenuti che corrispondano ai requisiti e alle aspettative degli utenti del Sito web e dei nostri clienti e modificare o cancellare i servizi e i contenuti esistenti. Le informazioni utilizzate dalla Societ\u00e0 a questo scopo saranno principalmente di tipo statistico e non ti identificheranno personalmente;<\/li>\n\n\n\n<li>Per contattarti occasionalmente, sia da parte della Societ\u00e0 che da chiunque per nostro conto, anche attraverso l'invio di messaggi e-mail, SMS e informazioni relative ai nostri servizi e prodotti;<\/li>\n\n\n\n<li>Per condurre ricerche e sondaggi e altre attivit\u00e0 simili relative allo sviluppo di prodotti e servizi;<\/li>\n\n\n\n<li>Per analizzare e fornire informazioni statistiche a terzi. Queste informazioni non ti identificheranno personalmente;<\/li>\n\n\n\n<li>Per l'ordinato e corretto funzionamento e sviluppo del Sito web;<\/li>\n\n\n\n<li>Per qualsiasi altro scopo specificato nella presente Informativa o nei Termini e Condizioni del Sito web.<\/li>\n<\/ul>\n\n\n\n<p><strong>TRASFERIMENTO DI INFORMAZIONI A TERZI<\/strong><\/p>\n\n\n\n<p>Possiamo condividere le informazioni personali descritte in questa informativa con altri soggetti, in uno dei seguenti casi:<\/p>\n\n\n\n<ul class=\"wp-block-list\">\n<li>Con i nostri fornitori di servizi per gestire, mantenere e migliorare il Sito web e facilitare le nostre comunicazioni via e-mail con l'utente;<\/li>\n\n\n\n<li>Se l'utente ha abusato dei suoi diritti di utilizzo del Sito web o ha violato una qualsiasi legge applicabile, le sue informazioni potrebbero essere condivise con le autorit\u00e0 o con altre terze parti se riteniamo che ci\u00f2 sia necessario o giustificato;<\/li>\n\n\n\n<li>Con avvocati, tribunali e terze parti interessate, in caso di controversie o procedimenti legali di qualsiasi tipo che coinvolgano l'utente e che riguardino il Sito web;<\/li>\n\n\n\n<li>Se il funzionamento del Sito web \u00e8 organizzato in un contesto diverso o attraverso un'altra struttura legale o entit\u00e0 (ad esempio a seguito di una fusione o di un'acquisizione), a condizione che tali entit\u00e0 accettino di essere vincolate dalle disposizioni della presente informativa, tenendo conto delle modifiche ragionevolmente necessarie; e possiamo condividere le informazioni personali con le entit\u00e0 del nostro gruppo aziendale (societ\u00e0 che controlliamo o che sono sotto controllo comune, direttamente o indirettamente). Tuttavia, l'utilizzo di tali informazioni da parte loro deve essere conforme alla presente politica.<\/li>\n<\/ul>\n\n\n\n<p>Oltre a quanto sopra, i tuoi dati personali saranno condivisi con altri soggetti solo se ci fornirai il tuo esplicito consenso preventivo.<\/p>\n\n\n\n<p><strong>ACCEDERE, AGGIORNARE O CANCELLARE I TUOI DATI PERSONALI E OTTENERNE UNA COPIA<\/strong><\/p>\n\n\n\n<p>Rispettiamo i tuoi diritti alla privacy e pertanto puoi contattarci in qualsiasi momento e richiedere:<\/p>\n\n\n\n<ul class=\"wp-block-list\">\n<li>di accedere, cancellare, modificare o aggiornare qualsiasi informazione personale che ti riguarda (ad esempio, se ritieni che le tue informazioni personali non siano corrette, puoi chiedere che vengano corrette o cancellate); oppure<\/li>\n\n\n\n<li>di interrompere l'utilizzo delle tue informazioni personali (ad esempio, puoi chiedere di interrompere l'utilizzo o la condivisione delle tue informazioni personali con terze parti) o di rimuovere le tue informazioni personali (fatti salvi altri obblighi di legge che potrebbero richiederci di conservare le informazioni). Tieni presente che, a meno che tu non ci dia istruzioni diverse, conserviamo le informazioni raccolte per tutto il tempo necessario a fornire i servizi, adempiere ai nostri obblighi legali, risolvere le controversie e applicare i nostri accordi. Possiamo rettificare, integrare o rimuovere informazioni incomplete o inaccurate<\/li>\n<\/ul>\n\n\n\n<p>Se desideri presentare un reclamo sul modo in cui abbiamo gestito i tuoi dati personali, contattaci direttamente all'indirizzo <a href=\"mailto:info@forestcloud.io\">info@forestcloud.io<\/a>.<\/p>\n\n\n\n<p>Supponiamo che tu non sia soddisfatto della nostra risposta o che tu ritenga che stiamo raccogliendo o elaborando le tue Informazioni personali in modo non conforme alla legge. In tal caso, puoi presentare un reclamo all'autorit\u00e0 competente per la protezione dei dati.<\/p>\n\n\n\n<p>LEGGE APPLICABILE<\/p>\n\n\n\n<p>La presente Informativa sulla privacy \u00e8 disciplinata dalle leggi della Repubblica Ceca, senza tener conto dei conflitti di legge. L'utente acconsente alla giurisdizione esclusiva dei tribunali in relazione a qualsiasi azione o controversia che dovesse insorgere tra le parti ai sensi della presente Informativa sulla privacy o in relazione ad essa.<\/p>\n\n\n\n<p>Il presente Accordo e l'utilizzo del sito web da parte dell'utente sono disciplinati dalle leggi della Repubblica Ceca, ad esclusione dei conflitti di legge. Il tuo sito web potrebbe essere soggetto anche ad altre leggi locali, statali, nazionali o internazionali.<\/p>\n\n\n\n<p>Utilizzando Forest Cloud o contattandoci direttamente, l'utente accetta la presente Informativa sulla privacy. Se non accetti la presente Informativa sulla privacy, non devi accedere al nostro sito web o utilizzare i nostri servizi. L'uso continuato del sito web, l'impegno diretto con noi o la pubblicazione di modifiche alla presente Informativa sulla privacy che non incidono in modo significativo sull'uso o sulla divulgazione dei tuoi dati personali implicheranno l'accettazione di tali modifiche.<\/p>\n\n\n\n<p><strong>DIRITTI DI PROTEZIONE DEI DATI PERSONALI<\/strong><\/p>\n\n\n\n<p>Desideriamo assicurarci che tu sia pienamente consapevole dei tuoi diritti in materia di protezione dei dati. Ogni utente ha diritto a quanto segue:<\/p>\n\n\n\n<p>Diritto di accesso - Hai il diritto di richiedere copie dei tuoi dati. Potremmo addebitarti un piccolo costo per questo servizio.<\/p>\n\n\n\n<p>Diritto di rettifica - Hai il diritto di richiedere la correzione di qualsiasi informazione che ritieni inesatta. Hai anche il diritto di chiedere di completare le informazioni che ritieni incomplete.<\/p>\n\n\n\n<p>Diritto alla cancellazione - Hai il diritto di richiedere la cancellazione dei tuoi dati a determinate condizioni.<\/p>\n\n\n\n<p>Diritto di limitazione del trattamento - Hai il diritto di richiedere la limitazione del trattamento dei tuoi dati a determinate condizioni.<\/p>\n\n\n\n<p>Diritto di opporsi al trattamento - Hai il diritto di opporti al trattamento dei tuoi dati in determinate condizioni.<\/p>\n\n\n\n<p>Diritto alla portabilit\u00e0 dei dati - Hai il diritto di richiedere il trasferimento dei dati raccolti a un'altra organizzazione o direttamente a te, a determinate condizioni.<\/p>\n\n\n\n<p>Se fai una richiesta, abbiamo un mese di tempo per risponderti. Se desideri esercitare uno di questi diritti, contattaci.<\/p>\n\n\n\n<p><strong>INFORMAZIONI SUI BAMBIN<\/strong><\/p>\n\n\n\n<p>Un'altra nostra priorit\u00e0 \u00e8 la protezione dei bambini durante l'utilizzo di internet. Incoraggiamo i genitori e i tutori a osservare, partecipare e\/o monitorare e guidare la loro attivit\u00e0 online.<\/p>\n\n\n\n<p>Forest Cloud non raccoglie consapevolmente informazioni personali di minori di 18 anni. Supponiamo che tuo figlio abbia fornito questo tipo di informazioni sul nostro sito web. In tal caso, ti invitiamo a contattarci immediatamente e faremo del nostro meglio per rimuovere tempestivamente tali informazioni dai nostri archivi.<\/p>\n\n\n\n<p><strong>COOKIE E ALTRI TRACKER<\/strong><\/p>\n\n\n\n<p>Utilizziamo vari cookie e altri tracker web che ci aiutano ad amministrare e a far funzionare il sito web. Questi tracker sono utilizzati principalmente per raccogliere informazioni statistiche sull'utilizzo del sito web da parte dell'utente; utilizziamo i cookie per scopi di analisi del sito web, come spiegato in precedenza. Se desideri bloccare i cookie, puoi farlo attraverso le impostazioni del tuo browser. Puoi cancellare i cookie gi\u00e0 presenti sul tuo computer e puoi impostare il tuo browser in modo da impedirne l'inserimento in futuro. Per ulteriori informazioni, consulta il menu di aiuto del browser. Ricorda inoltre che la disattivazione dei cookie potrebbe influire negativamente sulla tua esperienza d'uso del sito web. Non rispondiamo alle richieste \"Do Not Track\" dei browser. L'utente pu\u00f2 avere il diritto di presentare un reclamo all'autorit\u00e0 di vigilanza competente in materia di protezione dei dati personali ai sensi della legge.<\/p>\n\n\n\n<p><strong>MODIFICHE ALLA PRESENTE INFORMATIVA<\/strong><\/p>\n\n\n\n<p>Di tanto in tanto, la Societ\u00e0 potr\u00e0 modificare i termini della presente informativa. L'utente accetta di essere vincolato da tutte le modifiche apportate alla presente informativa. La prosecuzione dell'utilizzo del Sito Web indica l'accettazione dei termini modificati. Se non sei d'accordo con i termini modificati, devi evitare di utilizzare ulteriormente il sito web.<\/p>\n\n\n\n<p><strong>CONTATTO<\/strong><\/p>\n\n\n\n<p>Puoi contattarci per qualsiasi domanda o commento a:<\/p>\n\n\n\n<p>Email: <a href=\"mailto:info@forestcloud.io\">info@forestcloud.io<\/a>\u00a0<\/p>\n\n\n\n<p>Via this Link: https:\/\/forestcloud.io\/<\/p>","protected":false},"excerpt":{"rendered":"<p>Venidicta S.R.O. (\u201cForest Cloud\u201d, \u201cwe\u201d, \u201cus\u201d or \u201cour\u201d) respects your privacy and is committed to protecting your data. Please read this Privacy Policy (&#8220;Privacy Policy&#8221;) carefully as it sets out important information relating to how we handle your personal information. This privacy policy will inform you how we look after your data when using our [&hellip;]<\/p>","protected":false},"author":1,"featured_media":0,"parent":0,"menu_order":0,"comment_status":"closed","ping_status":"open","template":"","meta":{"inline_featured_image":false,"footnotes":""},"class_list":["post-3","page","type-page","status-publish","hentry"],"acf":[],"yoast_head":"<!-- This site is optimized with the Yoast SEO plugin v18.4.1 - https:\/\/yoast.com\/wordpress\/plugins\/seo\/ -->\n<title>Privacy Policy - Forest \u0421loud<\/title>\n<meta name=\"robots\" content=\"index, follow, max-snippet:-1, max-image-preview:large, max-video-preview:-1\" \/>\n<link rel=\"canonical\" href=\"https:\/\/forestcloud.io\/it\/privacy-policy\/\" \/>\n<meta property=\"og:locale\" content=\"it_IT\" \/>\n<meta property=\"og:type\" content=\"article\" \/>\n<meta property=\"og:title\" content=\"Privacy Policy - Forest \u0421loud\" \/>\n<meta property=\"og:description\" content=\"Venidicta S.R.O. (\u201cForest Cloud\u201d, \u201cwe\u201d, \u201cus\u201d or \u201cour\u201d) respects your privacy and is committed to protecting your data. Please read this Privacy Policy (&#8220;Privacy Policy&#8221;) carefully as it sets out important information relating to how we handle your personal information. This privacy policy will inform you how we look after your data when using our [&hellip;]\" \/>\n<meta property=\"og:url\" content=\"https:\/\/forestcloud.io\/it\/privacy-policy\/\" \/>\n<meta property=\"og:site_name\" content=\"Forest \u0421loud\" \/>\n<meta property=\"article:publisher\" content=\"https:\/\/www.facebook.com\/forestcloud.io\" \/>\n<meta property=\"article:modified_time\" content=\"2025-01-29T16:38:51+00:00\" \/>\n<meta name=\"twitter:card\" content=\"summary_large_image\" \/>\n<meta name=\"twitter:site\" content=\"@forestcloud_io\" \/>\n<meta name=\"twitter:label1\" content=\"Tempo di lettura stimato\" \/>\n\t<meta name=\"twitter:data1\" content=\"9 minuti\" \/>\n<script type=\"application\/ld+json\" class=\"yoast-schema-graph\">{\"@context\":\"https:\/\/schema.org\",\"@graph\":[{\"@type\":\"WebSite\",\"@id\":\"https:\/\/forestcloud.io\/#website\",\"url\":\"https:\/\/forestcloud.io\/\",\"name\":\"Forest \u0421loud\",\"description\":\"\",\"potentialAction\":[{\"@type\":\"SearchAction\",\"target\":{\"@type\":\"EntryPoint\",\"urlTemplate\":\"https:\/\/forestcloud.io\/?s={search_term_string}\"},\"query-input\":\"required name=search_term_string\"}],\"inLanguage\":\"it-IT\"},{\"@type\":\"WebPage\",\"@id\":\"https:\/\/forestcloud.io\/privacy-policy\/#webpage\",\"url\":\"https:\/\/forestcloud.io\/privacy-policy\/\",\"name\":\"Privacy Policy - Forest \u0421loud\",\"isPartOf\":{\"@id\":\"https:\/\/forestcloud.io\/#website\"},\"datePublished\":\"2022-03-21T13:15:40+00:00\",\"dateModified\":\"2025-01-29T16:38:51+00:00\",\"breadcrumb\":{\"@id\":\"https:\/\/forestcloud.io\/privacy-policy\/#breadcrumb\"},\"inLanguage\":\"it-IT\",\"potentialAction\":[{\"@type\":\"ReadAction\",\"target\":[\"https:\/\/forestcloud.io\/privacy-policy\/\"]}]},{\"@type\":\"BreadcrumbList\",\"@id\":\"https:\/\/forestcloud.io\/privacy-policy\/#breadcrumb\",\"itemListElement\":[{\"@type\":\"ListItem\",\"position\":1,\"name\":\"Home\",\"item\":\"https:\/\/forestcloud.io\/\"},{\"@type\":\"ListItem\",\"position\":2,\"name\":\"Privacy Policy\"}]}]}<\/script>\n<!-- \/ Yoast SEO plugin. -->","yoast_head_json":{"title":"Privacy Policy - Forest \u0421loud","robots":{"index":"index","follow":"follow","max-snippet":"max-snippet:-1","max-image-preview":"max-image-preview:large","max-video-preview":"max-video-preview:-1"},"canonical":"https:\/\/forestcloud.io\/it\/privacy-policy\/","og_locale":"it_IT","og_type":"article","og_title":"Privacy Policy - Forest \u0421loud","og_description":"Venidicta S.R.O. (\u201cForest Cloud\u201d, \u201cwe\u201d, \u201cus\u201d or \u201cour\u201d) respects your privacy and is committed to protecting your data. Please read this Privacy Policy (&#8220;Privacy Policy&#8221;) carefully as it sets out important information relating to how we handle your personal information. This privacy policy will inform you how we look after your data when using our [&hellip;]","og_url":"https:\/\/forestcloud.io\/it\/privacy-policy\/","og_site_name":"Forest \u0421loud","article_publisher":"https:\/\/www.facebook.com\/forestcloud.io","article_modified_time":"2025-01-29T16:38:51+00:00","twitter_card":"summary_large_image","twitter_site":"@forestcloud_io","twitter_misc":{"Tempo di lettura stimato":"9 minuti"},"schema":{"@context":"https:\/\/schema.org","@graph":[{"@type":"WebSite","@id":"https:\/\/forestcloud.io\/#website","url":"https:\/\/forestcloud.io\/","name":"Forest \u0421loud","description":"","potentialAction":[{"@type":"SearchAction","target":{"@type":"EntryPoint","urlTemplate":"https:\/\/forestcloud.io\/?s={search_term_string}"},"query-input":"required name=search_term_string"}],"inLanguage":"it-IT"},{"@type":"WebPage","@id":"https:\/\/forestcloud.io\/privacy-policy\/#webpage","url":"https:\/\/forestcloud.io\/privacy-policy\/","name":"Privacy Policy - Forest \u0421loud","isPartOf":{"@id":"https:\/\/forestcloud.io\/#website"},"datePublished":"2022-03-21T13:15:40+00:00","dateModified":"2025-01-29T16:38:51+00:00","breadcrumb":{"@id":"https:\/\/forestcloud.io\/privacy-policy\/#breadcrumb"},"inLanguage":"it-IT","potentialAction":[{"@type":"ReadAction","target":["https:\/\/forestcloud.io\/privacy-policy\/"]}]},{"@type":"BreadcrumbList","@id":"https:\/\/forestcloud.io\/privacy-policy\/#breadcrumb","itemListElement":[{"@type":"ListItem","position":1,"name":"Home","item":"https:\/\/forestcloud.io\/"},{"@type":"ListItem","position":2,"name":"Privacy Policy"}]}]}},"_links":{"self":[{"href":"https:\/\/forestcloud.io\/it\/wp-json\/wp\/v2\/pages\/3","targetHints":{"allow":["GET"]}}],"collection":[{"href":"https:\/\/forestcloud.io\/it\/wp-json\/wp\/v2\/pages"}],"about":[{"href":"https:\/\/forestcloud.io\/it\/wp-json\/wp\/v2\/types\/page"}],"author":[{"embeddable":true,"href":"https:\/\/forestcloud.io\/it\/wp-json\/wp\/v2\/users\/1"}],"replies":[{"embeddable":true,"href":"https:\/\/forestcloud.io\/it\/wp-json\/wp\/v2\/comments?post=3"}],"version-history":[{"count":6,"href":"https:\/\/forestcloud.io\/it\/wp-json\/wp\/v2\/pages\/3\/revisions"}],"predecessor-version":[{"id":1461,"href":"https:\/\/forestcloud.io\/it\/wp-json\/wp\/v2\/pages\/3\/revisions\/1461"}],"wp:attachment":[{"href":"https:\/\/forestcloud.io\/it\/wp-json\/wp\/v2\/media?parent=3"}],"curies":[{"name":"wp","href":"https:\/\/api.w.org\/{rel}","templated":true}]}}