{"id":657,"date":"2022-03-25T06:07:29","date_gmt":"2022-03-25T06:07:29","guid":{"rendered":"https:\/\/forestcloud.io\/?page_id=657"},"modified":"2025-01-29T16:39:40","modified_gmt":"2025-01-29T16:39:40","slug":"cookie-policy","status":"publish","type":"page","link":"https:\/\/forestcloud.io\/de\/cookie-policy\/","title":{"rendered":"Cookie-Richtlinie"},"content":{"rendered":"<p>Diese Cookie-Richtlinie gilt f\u00fcr die Website der Firma Venidicta S.R.O.. Die EU-Gesetzgebung verlangt von allen Website-Betreibern, dass sie die Website-Besucher \u00fcber die Verwendung von Cookies und \u00e4hnlichen Technologien, z. B. Pixeln (im Folgenden \"Cookies\"), informieren und die Zustimmung der Nutzer zu einer solchen Cookie-Nutzung einholen.&nbsp;&nbsp;&nbsp;<\/p>\n\n\n\n<p>Um die Dinge in dieser Cookie-Richtlinie so klar wie m\u00f6glich zu erkl\u00e4ren, werden diese Begriffe jedes Mal, wenn auf sie Bezug genommen wird, als solche definiert:<\/p>\n\n\n\n<ul class=\"wp-block-list\">\n<li>Kunde: bezieht sich auf das Unternehmen, die Organisation oder die Person, die sich zur Nutzung des Forest Cloud Service anmeldet, um die Beziehungen zu Ihren Verbrauchern oder Dienstleistungsnutzern zu verwalten.<\/li>\n\n\n\n<li>Ger\u00e4t: jedes mit dem Internet verbundene Ger\u00e4t wie z.B. ein Telefon, ein Tablet, ein Computer oder ein anderes Ger\u00e4t, das f\u00fcr den Besuch von Forest Cloud und die Nutzung der Dienste verwendet werden kann.<\/li>\n\n\n\n<li>IP-Adresse: Jedem Ger\u00e4t, das mit dem Internet verbunden ist, wird eine Nummer zugewiesen, die als Internet-Protokoll-Adresse (IP) bezeichnet wird. Diese Nummern werden normalerweise in geografischen Bl\u00f6cken vergeben. Anhand einer IP-Adresse l\u00e4sst sich oft feststellen, wo ein Ger\u00e4t mit dem Internet verbunden ist.<\/li>\n\n\n\n<li>Personnel: refers to those employed by Forest Cloud or under contract to perform a service on behalf of one of the parties.<\/li>\n\n\n\n<li>Pers\u00f6nliche Daten: Alle Informationen, die direkt, indirekt oder in Verbindung mit anderen Informationen - einschlie\u00dflich einer pers\u00f6nlichen Identifikationsnummer - die Identifizierung oder Identifizierbarkeit einer nat\u00fcrlichen Person erm\u00f6glichen.<\/li>\n\n\n\n<li>Service: Bezieht sich auf den von Forest Cloud bereitgestellten Service, wie er in den entsprechenden Bedingungen (falls vorhanden) und auf dieser Plattform beschrieben ist.<\/li>\n\n\n\n<li>Service von Dritten: bezieht sich auf Werbetreibende, Sponsoren von Wettbewerben, Werbe- und Marketingpartner und andere, die unsere Inhalte zur Verf\u00fcgung stellen oder deren Produkte oder Dienstleistungen Sie unserer Meinung nach interessieren k\u00f6nnten.<\/li>\n\n\n\n<li>Website: Die Website von Venidicta S.R.O., die unter folgender URL aufgerufen werden kann: https:\/\/forestcloud.io\/<\/li>\n\n\n\n<li>Sie: eine nat\u00fcrliche oder juristische Person, die bei Forest Cloud f\u00fcr die Nutzung der Dienste registriert ist.<\/li>\n<\/ul>\n\n\n\n<p><strong>WAS IST EIN COOKIE?<\/strong><\/p>\n\n\n\n<p>Ein Cookie ist eine kleine Textdatei, die auf Ihrem Computer oder einem anderen mit dem Internet verbundenen Ger\u00e4t gespeichert wird, um Ihren Browser zu identifizieren, Analysen bereitzustellen und Informationen \u00fcber Sie zu speichern, wie z. B. Ihre Spracheinstellung oder Anmeldeinformationen. Sie sind absolut sicher und k\u00f6nnen nicht verwendet werden, um Programme auszuf\u00fchren oder Viren auf Ihr Ger\u00e4t zu \u00fcbertragen.<\/p>\n\n\n\n<p><strong>WARUM VERWENDEN WIR COOKIES?<\/strong><\/p>\n\n\n\n<p>Wir verwenden auf unserer Website Erstanbieter- und\/oder Drittanbieter-Cookies f\u00fcr verschiedene Zwecke, wie zum Beispiel:<\/p>\n\n\n\n<ul class=\"wp-block-list\">\n<li>Um den Betrieb und die Funktionalit\u00e4t unserer Website zu erleichtern;<\/li>\n\n\n\n<li>Um Ihre Erfahrung mit unserer Website zu verbessern und das Navigieren auf ihnen schneller und einfacher zu machen;<\/li>\n\n\n\n<li>Damit wir Ihnen ein ma\u00dfgeschneidertes Benutzererlebnis bieten und verstehen k\u00f6nnen, was f\u00fcr Sie n\u00fctzlich oder von Interesse ist;<\/li>\n\n\n\n<li>Um zu analysieren, wie unsere Website genutzt wird und wie wir sie am besten anpassen k\u00f6nnen;<\/li>\n\n\n\n<li>Um Interessenten zu identifizieren und Marketing- und Vertriebsinteraktionen mit ihnen zu personalisieren;<\/li>\n\n\n\n<li>Um die Anpassung von Online-Werbung an Ihre Interessen zu erleichtern.<\/li>\n<\/ul>\n\n\n\n<p><strong>WELCHE ART VON COOKIES VERWENDET FOREST CLOUD?<\/strong><\/p>\n\n\n\n<p>WESENTLICHE COOKIES, LEISTUNGS- UND FUNKTIONALIT\u00c4TS-COOKIES, ANALYSE- UND ANPASSUNGS-COOKIES<\/p>\n\n\n\n<p>Cookies k\u00f6nnen entweder Session-Cookies oder dauerhafte Cookies sein. Ein Session-Cookie l\u00e4uft automatisch ab, wenn Sie Ihren Browser schlie\u00dfen. Ein dauerhaftes Cookie bleibt bestehen, bis es abl\u00e4uft oder Sie Ihre Cookies l\u00f6schen. Ablaufdaten werden in den Cookies selbst festgelegt; Einige k\u00f6nnen nach wenigen Minuten ablaufen, w\u00e4hrend andere nach mehreren Jahren ablaufen k\u00f6nnen. Cookies, die von der von Ihnen besuchten Website platziert werden, werden \u201eErstanbieter-Cookies\u201c genannt.<\/p>\n\n\n\n<p>Unbedingt erforderliche Cookies sind f\u00fcr die Funktion unserer Website erforderlich und k\u00f6nnen in unseren Systemen nicht abgeschaltet werden. Sie sind unerl\u00e4sslich, damit Sie auf der Website navigieren und ihre Funktionen nutzen k\u00f6nnen. Wenn Sie diese Cookies entfernen oder deaktivieren, k\u00f6nnen wir nicht garantieren, dass Sie unsere Website nutzen k\u00f6nnen.<\/p>\n\n\n\n<p><strong>ESSENTIELLE PL\u00c4TZCHEN<\/strong><\/p>\n\n\n\n<p>Wir verwenden essentielle Cookies, damit unsere Website funktioniert. Diese Cookies sind unbedingt erforderlich, um Kernfunktionen wie Sicherheit, Netzwerkverwaltung, Ihre Cookie-Einstellungen und Zug\u00e4nglichkeit zu erm\u00f6glichen. Ohne sie k\u00f6nnten Sie grundlegende Dienste nicht nutzen. Sie k\u00f6nnen diese deaktivieren, indem Sie Ihre Browsereinstellungen \u00e4ndern, aber dies kann sich auf die Funktionsweise der Websites auswirken.<\/p>\n\n\n\n<p><strong>LEISTUNGS- UND FUNKTIONALIT\u00c4TS-COOKIES<\/strong><\/p>\n\n\n\n<p>Diese Cookies werden verwendet, um die Leistung und Funktionalit\u00e4t unserer Website zu verbessern, sind jedoch f\u00fcr ihre Verwendung nicht unbedingt erforderlich. Ohne diese Cookies sind jedoch bestimmte Funktionen wie Videos m\u00f6glicherweise nicht verf\u00fcgbar. Sie m\u00fcssten bei jedem Besuch der Website Ihre Anmeldedaten eingeben, da wir uns nicht daran erinnern k\u00f6nnen, dass Sie sich zuvor angemeldet haben.<\/p>\n\n\n\n<p><strong>ANALYSE- UND ANPASSUNGS-COOKIES<\/strong><\/p>\n\n\n\n<p>Diese Cookies sammeln Informationen, die uns helfen zu verstehen, wie unsere Website verwendet wird oder wie effektiv unsere Marketingkampagnen sind, oder um uns zu helfen, unsere Website f\u00fcr Sie anzupassen.<\/p>\n\n\n\n<p>Wir verwenden Cookies, die von Google Analytics bereitgestellt werden, um begrenzte Daten direkt von den Browsern der Endbenutzer zu sammeln, damit wir Ihre Nutzung unserer Website besser verstehen k\u00f6nnen. N\u00e4here Informationen zur Erhebung und Nutzung dieser Daten durch Google finden Sie unter: https:\/\/www.google.com\/policies\/privacy\/partners\/. Sie k\u00f6nnen alle von Google unterst\u00fctzten Analysen auf unseren Websites deaktivieren, indem Sie folgende Seite besuchen: https:\/\/tools.google.com\/dlpage\/gaoptout.<\/p>\n\n\n\n<p><strong>WIE VERWALTEN SIE COOKIES?<\/strong><\/p>\n\n\n\n<p>Bei den meisten Browsern k\u00f6nnen Sie Cookies \u00fcber ihre \u201eEinstellungen\u201c-Pr\u00e4ferenzen steuern. Wenn Sie jedoch die F\u00e4higkeit von Websites einschr\u00e4nken, Cookies zu setzen, kann sich Ihr allgemeines Benutzererlebnis verschlechtern, da es nicht mehr f\u00fcr Sie personalisiert ist. Es kann Sie auch daran hindern, benutzerdefinierte Einstellungen wie Anmeldeinformationen zu speichern. Browserhersteller stellen in ihren Produkten Hilfeseiten zur Cookie-Verwaltung bereit.<\/p>\n\n\n\n<p>Browserhersteller stellen in ihren Produkten Hilfeseiten zur Cookie-Verwaltung bereit. Weitere Informationen finden Sie unten.<\/p>\n\n\n\n<ul class=\"wp-block-list\">\n<li>Google Chrome<\/li>\n\n\n\n<li>Internet Explorer<\/li>\n\n\n\n<li>Mozilla Firefox<\/li>\n\n\n\n<li>Safari (Desktop)<\/li>\n\n\n\n<li>Safari (Mobile)<\/li>\n\n\n\n<li>Android Browser<\/li>\n\n\n\n<li>Opera<\/li>\n\n\n\n<li>Opera Mobile<\/li>\n<\/ul>\n\n\n\n<p><strong>BLOCKIEREN UND DEAKTIVIEREN VON COOKIES UND \u00c4HNLICHEN TECHNOLOGIEN<\/strong><\/p>\n\n\n\n<p>Sie k\u00f6nnen Ihren Browser auch so einstellen, dass Cookies und \u00e4hnliche Technologien unabh\u00e4ngig von Ihrem Standort blockiert werden. Dennoch kann diese Aktion unsere wesentlichen Cookies blockieren und verhindern, dass unsere Website ordnungsgem\u00e4\u00df funktioniert, und Sie k\u00f6nnen m\u00f6glicherweise nicht alle Funktionen und Dienste vollst\u00e4ndig nutzen. Sie sollten sich auch dar\u00fcber im Klaren sein, dass Sie einige gespeicherte Informationen (z. B. gespeicherte Anmeldedaten, Website-Einstellungen) verlieren k\u00f6nnen, wenn Sie Cookies in Ihrem Browser blockieren. Unterschiedliche Browser stellen Ihnen unterschiedliche Steuerelemente zur Verf\u00fcgung. Das Deaktivieren eines Cookies oder einer Kategorie l\u00f6scht das Cookie nicht aus Ihrem Browser. Sie m\u00fcssen dies selbst in Ihrem Browser tun. Weitere Informationen finden Sie im Hilfemen\u00fc Ihres Browsers.<\/p>\n\n\n\n<p><strong>\u00c4NDERUNGEN AN UNSERER COOKIE-RICHTLINIE<\/strong><\/p>\n\n\n\n<p>Wir k\u00f6nnen unseren Service und unsere Richtlinien \u00e4ndern, und wir m\u00fcssen m\u00f6glicherweise \u00c4nderungen an dieser Cookie-Richtlinie vornehmen, um unseren Service und unsere Richtlinien genau widerzuspiegeln. Sofern nicht anders gesetzlich vorgeschrieben, werden wir Sie (z. B. \u00fcber unseren Service) benachrichtigen, bevor wir \u00c4nderungen an dieser Cookie-Richtlinie vornehmen, und Ihnen erm\u00f6glichen, diese zu \u00fcberpr\u00fcfen, bevor sie in Kraft treten. Wenn Sie den Dienst dann weiterhin nutzen, sind Sie an die aktualisierte Cookie-Richtlinie gebunden. Wenn Sie dieser oder einer aktualisierten Cookie-Richtlinie nicht zustimmen m\u00f6chten, k\u00f6nnen Sie Ihr Konto l\u00f6schen.<\/p>\n\n\n\n<p><strong>IHRE ZUSTIMMUNG<\/strong><\/p>\n\n\n\n<p>Indem Sie unsere Website nutzen, ein Konto registrieren oder einen Kauf t\u00e4tigen.<\/p>\n\n\n\n<p><strong>KONTAKTIERE UNS<\/strong><\/p>\n\n\n\n<p>Sie k\u00f6nnen uns bei Fragen oder Kommentaren kontaktieren unter:<\/p>\n\n\n\n<p>Email: <a href=\"mailto:info@forestcloud.io\">info@forestcloud.io<\/a>\u00a0<\/p>\n\n\n\n<p>Via this Link: https:\/\/forestcloud.io\/<\/p>","protected":false},"excerpt":{"rendered":"<p>This Cookie Policy applies to the website of the Venidicta S.R.O. company. EU legislation requires all website operators to inform website visitors about their usage of cookies and similar technologies, e.g. pixels (hereinafter \u201ccookies\u201d), and collect users&#8217; consent to such cookie usage.&nbsp;&nbsp;&nbsp; To help explain things as clearly as possible in this Cookie Policy, every [&hellip;]<\/p>","protected":false},"author":1,"featured_media":0,"parent":0,"menu_order":0,"comment_status":"closed","ping_status":"closed","template":"","meta":{"inline_featured_image":false,"footnotes":""},"class_list":["post-657","page","type-page","status-publish","hentry"],"acf":[],"yoast_head":"<!-- This site is optimized with the Yoast SEO plugin v18.4.1 - https:\/\/yoast.com\/wordpress\/plugins\/seo\/ -->\n<title>Cookie Policy - Forest \u0421loud<\/title>\n<meta name=\"robots\" content=\"index, follow, max-snippet:-1, max-image-preview:large, max-video-preview:-1\" \/>\n<link rel=\"canonical\" href=\"https:\/\/forestcloud.io\/de\/cookie-policy\/\" \/>\n<meta property=\"og:locale\" content=\"de_DE\" \/>\n<meta property=\"og:type\" content=\"article\" \/>\n<meta property=\"og:title\" content=\"Cookie Policy - Forest \u0421loud\" \/>\n<meta property=\"og:description\" content=\"This Cookie Policy applies to the website of the Venidicta S.R.O. company. EU legislation requires all website operators to inform website visitors about their usage of cookies and similar technologies, e.g. pixels (hereinafter \u201ccookies\u201d), and collect users&#8217; consent to such cookie usage.&nbsp;&nbsp;&nbsp; To help explain things as clearly as possible in this Cookie Policy, every [&hellip;]\" \/>\n<meta property=\"og:url\" content=\"https:\/\/forestcloud.io\/de\/cookie-policy\/\" \/>\n<meta property=\"og:site_name\" content=\"Forest \u0421loud\" \/>\n<meta property=\"article:publisher\" content=\"https:\/\/www.facebook.com\/forestcloud.io\" \/>\n<meta property=\"article:modified_time\" content=\"2025-01-29T16:39:40+00:00\" \/>\n<meta name=\"twitter:card\" content=\"summary_large_image\" \/>\n<meta name=\"twitter:site\" content=\"@forestcloud_io\" \/>\n<meta name=\"twitter:label1\" content=\"Gesch\u00e4tzte Lesezeit\" \/>\n\t<meta name=\"twitter:data1\" content=\"6\u00a0Minuten\" \/>\n<script type=\"application\/ld+json\" class=\"yoast-schema-graph\">{\"@context\":\"https:\/\/schema.org\",\"@graph\":[{\"@type\":\"WebSite\",\"@id\":\"https:\/\/forestcloud.io\/#website\",\"url\":\"https:\/\/forestcloud.io\/\",\"name\":\"Forest \u0421loud\",\"description\":\"\",\"potentialAction\":[{\"@type\":\"SearchAction\",\"target\":{\"@type\":\"EntryPoint\",\"urlTemplate\":\"https:\/\/forestcloud.io\/?s={search_term_string}\"},\"query-input\":\"required name=search_term_string\"}],\"inLanguage\":\"de\"},{\"@type\":\"WebPage\",\"@id\":\"https:\/\/forestcloud.io\/cookie-policy\/#webpage\",\"url\":\"https:\/\/forestcloud.io\/cookie-policy\/\",\"name\":\"Cookie Policy - Forest \u0421loud\",\"isPartOf\":{\"@id\":\"https:\/\/forestcloud.io\/#website\"},\"datePublished\":\"2022-03-25T06:07:29+00:00\",\"dateModified\":\"2025-01-29T16:39:40+00:00\",\"breadcrumb\":{\"@id\":\"https:\/\/forestcloud.io\/cookie-policy\/#breadcrumb\"},\"inLanguage\":\"de\",\"potentialAction\":[{\"@type\":\"ReadAction\",\"target\":[\"https:\/\/forestcloud.io\/cookie-policy\/\"]}]},{\"@type\":\"BreadcrumbList\",\"@id\":\"https:\/\/forestcloud.io\/cookie-policy\/#breadcrumb\",\"itemListElement\":[{\"@type\":\"ListItem\",\"position\":1,\"name\":\"Home\",\"item\":\"https:\/\/forestcloud.io\/\"},{\"@type\":\"ListItem\",\"position\":2,\"name\":\"Cookie Policy\"}]}]}<\/script>\n<!-- \/ Yoast SEO plugin. -->","yoast_head_json":{"title":"Cookie Policy - Forest \u0421loud","robots":{"index":"index","follow":"follow","max-snippet":"max-snippet:-1","max-image-preview":"max-image-preview:large","max-video-preview":"max-video-preview:-1"},"canonical":"https:\/\/forestcloud.io\/de\/cookie-policy\/","og_locale":"de_DE","og_type":"article","og_title":"Cookie Policy - Forest \u0421loud","og_description":"This Cookie Policy applies to the website of the Venidicta S.R.O. company. EU legislation requires all website operators to inform website visitors about their usage of cookies and similar technologies, e.g. pixels (hereinafter \u201ccookies\u201d), and collect users&#8217; consent to such cookie usage.&nbsp;&nbsp;&nbsp; To help explain things as clearly as possible in this Cookie Policy, every [&hellip;]","og_url":"https:\/\/forestcloud.io\/de\/cookie-policy\/","og_site_name":"Forest \u0421loud","article_publisher":"https:\/\/www.facebook.com\/forestcloud.io","article_modified_time":"2025-01-29T16:39:40+00:00","twitter_card":"summary_large_image","twitter_site":"@forestcloud_io","twitter_misc":{"Gesch\u00e4tzte Lesezeit":"6\u00a0Minuten"},"schema":{"@context":"https:\/\/schema.org","@graph":[{"@type":"WebSite","@id":"https:\/\/forestcloud.io\/#website","url":"https:\/\/forestcloud.io\/","name":"Forest \u0421loud","description":"","potentialAction":[{"@type":"SearchAction","target":{"@type":"EntryPoint","urlTemplate":"https:\/\/forestcloud.io\/?s={search_term_string}"},"query-input":"required name=search_term_string"}],"inLanguage":"de"},{"@type":"WebPage","@id":"https:\/\/forestcloud.io\/cookie-policy\/#webpage","url":"https:\/\/forestcloud.io\/cookie-policy\/","name":"Cookie Policy - Forest \u0421loud","isPartOf":{"@id":"https:\/\/forestcloud.io\/#website"},"datePublished":"2022-03-25T06:07:29+00:00","dateModified":"2025-01-29T16:39:40+00:00","breadcrumb":{"@id":"https:\/\/forestcloud.io\/cookie-policy\/#breadcrumb"},"inLanguage":"de","potentialAction":[{"@type":"ReadAction","target":["https:\/\/forestcloud.io\/cookie-policy\/"]}]},{"@type":"BreadcrumbList","@id":"https:\/\/forestcloud.io\/cookie-policy\/#breadcrumb","itemListElement":[{"@type":"ListItem","position":1,"name":"Home","item":"https:\/\/forestcloud.io\/"},{"@type":"ListItem","position":2,"name":"Cookie Policy"}]}]}},"_links":{"self":[{"href":"https:\/\/forestcloud.io\/de\/wp-json\/wp\/v2\/pages\/657","targetHints":{"allow":["GET"]}}],"collection":[{"href":"https:\/\/forestcloud.io\/de\/wp-json\/wp\/v2\/pages"}],"about":[{"href":"https:\/\/forestcloud.io\/de\/wp-json\/wp\/v2\/types\/page"}],"author":[{"embeddable":true,"href":"https:\/\/forestcloud.io\/de\/wp-json\/wp\/v2\/users\/1"}],"replies":[{"embeddable":true,"href":"https:\/\/forestcloud.io\/de\/wp-json\/wp\/v2\/comments?post=657"}],"version-history":[{"count":5,"href":"https:\/\/forestcloud.io\/de\/wp-json\/wp\/v2\/pages\/657\/revisions"}],"predecessor-version":[{"id":1462,"href":"https:\/\/forestcloud.io\/de\/wp-json\/wp\/v2\/pages\/657\/revisions\/1462"}],"wp:attachment":[{"href":"https:\/\/forestcloud.io\/de\/wp-json\/wp\/v2\/media?parent=657"}],"curies":[{"name":"wp","href":"https:\/\/api.w.org\/{rel}","templated":true}]}}