{"id":3,"date":"2022-03-21T13:15:40","date_gmt":"2022-03-21T13:15:40","guid":{"rendered":"https:\/\/forestcloud.io\/?page_id=3"},"modified":"2025-01-29T16:38:51","modified_gmt":"2025-01-29T16:38:51","slug":"privacy-policy","status":"publish","type":"page","link":"https:\/\/forestcloud.io\/de\/privacy-policy\/","title":{"rendered":"Datenschutz"},"content":{"rendered":"<p>Venidicta S.R.O. (\"Forest Cloud\", \"wir\", \"uns\" oder \"unser\") respektiert Ihre Privatsph\u00e4re und verpflichtet sich zum Schutz Ihrer Daten. Bitte lesen Sie diese Datenschutzrichtlinie (\"Datenschutzrichtlinie\") sorgf\u00e4ltig durch, da sie wichtige Informationen dar\u00fcber enth\u00e4lt, wie wir mit Ihren pers\u00f6nlichen Daten umgehen. Diese Datenschutzerkl\u00e4rung informiert Sie dar\u00fcber, wie wir mit Ihren Daten umgehen, wenn Sie unsere Dienste in Anspruch nehmen, und kl\u00e4rt Sie \u00fcber Ihre Rechte in Bezug auf den Schutz Ihrer Daten auf und wie das Gesetz Sie sch\u00fctzt.<\/p>\n\n\n\n<p>Um die Dinge in dieser Datenschutzrichtlinie so klar wie m\u00f6glich zu erkl\u00e4ren, werden diese Begriffe jedes Mal, wenn auf sie Bezug genommen wird, als solche definiert:<\/p>\n\n\n\n<ul class=\"wp-block-list\">\n<li>Kunde: bezieht sich auf das Unternehmen, die Organisation oder die Person, die sich zur Nutzung des Forest Cloud Service anmeldet, um die Beziehungen zu Ihren Verbrauchern oder Dienstleistungsnutzern zu verwalten.<\/li>\n\n\n\n<li>Ger\u00e4t: jedes mit dem Internet verbundene Ger\u00e4t wie z.B. ein Telefon, ein Tablet, ein Computer oder ein anderes Ger\u00e4t, das f\u00fcr den Besuch von Forest Cloud und die Nutzung der Dienste verwendet werden kann.<\/li>\n\n\n\n<li>IP-Adresse: Jedem Ger\u00e4t, das mit dem Internet verbunden ist, wird eine Nummer zugewiesen, die als Internet-Protokoll-Adresse (IP) bezeichnet wird. Diese Nummern werden normalerweise in geografischen Bl\u00f6cken vergeben. Anhand einer IP-Adresse l\u00e4sst sich oft feststellen, wo ein Ger\u00e4t mit dem Internet verbunden ist.<\/li>\n\n\n\n<li>Personal: Bezieht sich auf Personen, die bei Forest Cloud angestellt sind oder unter Vertrag stehen, um eine Dienstleistung im Namen einer der Parteien zu erbringen.<\/li>\n\n\n\n<li>Pers\u00f6nliche Daten: Alle Informationen, die direkt, indirekt oder in Verbindung mit anderen Informationen - einschlie\u00dflich einer pers\u00f6nlichen Identifikationsnummer - die Identifizierung oder Identifizierbarkeit einer nat\u00fcrlichen Person erm\u00f6glichen.<\/li>\n\n\n\n<li>Service: Bezieht sich auf den von Forest Cloud bereitgestellten Service, wie er in den entsprechenden Bedingungen (falls vorhanden) und auf dieser Plattform beschrieben ist.<\/li>\n\n\n\n<li>Service von Dritten: bezieht sich auf Werbetreibende, Sponsoren von Wettbewerben, Werbe- und Marketingpartner und andere, die unsere Inhalte zur Verf\u00fcgung stellen oder deren Produkte oder Dienstleistungen Sie unserer Meinung nach interessieren k\u00f6nnten.<\/li>\n\n\n\n<li>Website: Die Website von Venidicta S.R.O., die unter folgender URL aufgerufen werden kann: https:\/\/forestcloud.io\/<\/li>\n\n\n\n<li>Sie: eine nat\u00fcrliche oder juristische Person, die bei Forest Cloud f\u00fcr die Nutzung der Dienste registriert ist.<\/li>\n<\/ul>\n\n\n\n<p><strong>INFORMATIONEN, DIE WIR SAMMELN<\/strong><\/p>\n\n\n\n<p>Beim Ausf\u00fcllen unseres Online-Registrierungsformulars ben\u00f6tigen wir von Ihnen pers\u00f6nliche Informationen wie Ihren Namen und Ihre Kontaktdaten. Sie m\u00fcssen vollst\u00e4ndige, genaue und korrekte Angaben machen und best\u00e4tigen hiermit, dass die von Ihnen gemachten Angaben korrekt sind. Sie sind gesetzlich nicht verpflichtet, dem Unternehmen Ihre Daten bereitzustellen. Wenn Sie jedoch falsche, falsche oder veraltete Informationen oder nur Teilinformationen angeben, kann dies unsere F\u00e4higkeit beeintr\u00e4chtigen, Sie zu kontaktieren. Wenn Sie dem Unternehmen personenbezogene Daten einer anderen Person zur Verf\u00fcgung stellen, erkl\u00e4ren und garantieren Sie, dass Sie die ausdr\u00fcckliche schriftliche Zustimmung der anderen Person erhalten haben, diese Daten dem Unternehmen bereitzustellen und sie gem\u00e4\u00df dieser Richtlinie zu verwenden. Das Unternehmen kann Informationen \u00fcber Ihre Aktivit\u00e4ten auf der Website sammeln, einschlie\u00dflich Informationen oder Inhalte, die Sie gelesen haben, Ihre Sitzungsdauer, die von Ihnen angesehenen Webseiten, Dienste, die f\u00fcr Sie von Interesse waren, den Standort des Computers und das Internetprotokoll ( IP)-Adresse, \u00fcber die Sie Zugriff auf die Website hatten, und mehr. Dar\u00fcber hinaus kann das Unternehmen die Unterst\u00fctzung von Dritten sammeln oder nutzen, um anonyme, statistische oder aggregierte Informationen in Bezug auf Ihre Nutzung der Website zu sammeln und zu analysieren.<\/p>\n\n\n\n<p><strong>VERWENDUNG GESAMMELTER INFORMATIONEN<\/strong><\/p>\n\n\n\n<p>Wir speichern die von Ihnen bereitgestellten Informationen und die Informationen, die wir \u00fcber Ihre Aktivit\u00e4ten auf der Website sammeln, in unserer Datenbank (die \u201eDatenbank\u201c). Wir werden die Informationen gem\u00e4\u00df dieser Richtlinie und allen anwendbaren Gesetzen verwenden, einschlie\u00dflich f\u00fcr die folgenden Zwecke:<\/p>\n\n\n\n<ul class=\"wp-block-list\">\n<li>Um die Dienste auf der Website bereitzustellen und Ihnen deren Nutzung zu erm\u00f6glichen;<\/li>\n\n\n\n<li>Um unsere Produkte und Dienstleistungen insgesamt weiterzuentwickeln und zu verbessern und um die auf der Website angebotenen Dienstleistungen und Inhalte zu verbessern und zu erweitern, um neue Dienstleistungen und Inhalte zu erstellen, die den Anforderungen und Erwartungen der Benutzer der Website und unserer Kunden entsprechen und um vorhandene Dienste und Inhalte \u00e4ndern oder l\u00f6schen. Die vom Unternehmen zu diesem Zweck verwendeten Informationen sind haupts\u00e4chlich statistischer Natur und identifizieren Sie nicht pers\u00f6nlich;<\/li>\n\n\n\n<li>Um Sie gelegentlich zu kontaktieren, entweder durch das Unternehmen oder durch jemanden in unserem Namen, einschlie\u00dflich durch Senden von E-Mail-Nachrichten, SMS-Nachrichten und Informationen zu unseren Dienstleistungen und Produkten;<\/li>\n\n\n\n<li>Durchf\u00fchrung von Recherchen und Umfragen und anderen \u00e4hnlichen Aktivit\u00e4ten im Zusammenhang mit der Entwicklung von Produkten und Dienstleistungen;<\/li>\n\n\n\n<li>Um statistische Informationen zu analysieren und Dritten zur Verf\u00fcgung zu stellen. Diese Informationen werden Sie nicht pers\u00f6nlich identifizieren;<\/li>\n\n\n\n<li>F\u00fcr den ordnungsgem\u00e4\u00dfen und ordnungsgem\u00e4\u00dfen Betrieb und die Entwicklung der Website;<\/li>\n\n\n\n<li>Zu jedem anderen Zweck, der in dieser Richtlinie oder den Allgemeinen Gesch\u00e4ftsbedingungen der Website angegeben ist.<\/li>\n<\/ul>\n\n\n\n<p><strong>WEITERGABE VON INFORMATIONEN AN DRITTE<\/strong><\/p>\n\n\n\n<p>Wir k\u00f6nnen personenbezogene Daten, die in dieser Richtlinie beschrieben sind, in einem der folgenden F\u00e4lle an andere weitergeben:<\/p>\n\n\n\n<ul class=\"wp-block-list\">\n<li>Mit unseren Dienstleistern, um die Website zu betreiben, zu warten und zu verbessern und unsere E-Mail-Kommunikation mit Ihnen zu erleichtern;<\/li>\n\n\n\n<li>Wenn Sie Ihre Rechte zur Nutzung der Website missbraucht oder gegen geltendes Recht versto\u00dfen haben, k\u00f6nnen Ihre Daten an Beh\u00f6rden oder andere Dritte weitergegeben werden, wenn wir dies f\u00fcr notwendig oder gerechtfertigt halten;<\/li>\n\n\n\n<li>An Anw\u00e4lte, Gerichte und relevante Dritte in Streitf\u00e4llen oder Gerichtsverfahren jeglicher Art, die Sie in Bezug auf die Website betreffen;<\/li>\n\n\n\n<li>Wenn der Betrieb der Website in einem anderen Rahmen oder durch eine andere Rechtsstruktur oder K\u00f6rperschaft (z. B. aufgrund einer Fusion oder \u00dcbernahme) organisiert wird, vorausgesetzt, dass diese K\u00f6rperschaften damit einverstanden sind, an die Bestimmungen dieser Richtlinie gebunden zu sein, mit vern\u00fcnftigerweise notwendigen \u00c4nderungen ber\u00fccksichtigt; und wir k\u00f6nnen personenbezogene Daten an unsere Konzernunternehmen weitergeben (Unternehmen, die wir kontrollieren oder unter gemeinsamer Kontrolle stehen, ob direkt oder indirekt). Dennoch muss ihre Verwendung solcher Informationen der Richtlinie entsprechen.<\/li>\n<\/ul>\n\n\n\n<p>Abgesehen von den oben genannten Punkten werden Ihre personenbezogenen Daten nur mit Ihrer ausdr\u00fccklichen vorherigen Zustimmung an andere weitergegeben.<\/p>\n\n\n\n<p><strong>ZUGRIFF AUF, AKTUALISIERUNG ODER L\u00d6SCHEN IHRER PERS\u00d6NLICHEN DATEN UND ERHALTEN EINER KOPIE DAVON<\/strong><\/p>\n\n\n\n<p>Wir respektieren Ihre Datenschutzrechte, und deshalb k\u00f6nnen Sie uns jederzeit kontaktieren und anfordern:<\/p>\n\n\n\n<ul class=\"wp-block-list\">\n<li>um auf Sie betreffende personenbezogene Daten zuzugreifen, diese zu l\u00f6schen, zu \u00e4ndern oder zu aktualisieren (wenn Sie beispielsweise glauben, dass Ihre personenbezogenen Daten falsch sind, k\u00f6nnen Sie verlangen, dass sie korrigiert oder gel\u00f6scht werden); oder<\/li>\n\n\n\n<li>That we will cease any further use of your personal information (for example, you may ask that we will stop using or sharing your personal information with third parties) or that we shall remove your personal information (subject to any other legal obligation that may require us to keep the information). Please note that unless you instruct us otherwise, we retain the information we collect for as long as needed to provide the services, comply with our legal obligations, resolve disputes, and enforce our agreements. We may rectify, replenish or remove incomplete or inaccurate information.<\/li>\n<\/ul>\n\n\n\n<p>Wenn Sie eine Beschwerde dar\u00fcber einreichen m\u00f6chten, wie wir mit Ihren personenbezogenen Daten umgegangen sind, kontaktieren Sie uns bitte direkt unter <a href=\"mailto:info@forestcloud.io\">info@forestcloud.io<\/a>.<\/p>\n\n\n\n<p>Angenommen, Sie sind mit unserer Antwort nicht zufrieden oder glauben, dass wir Ihre personenbezogenen Daten nicht gem\u00e4\u00df den Gesetzen erfassen oder verarbeiten. In diesem Fall k\u00f6nnen Sie sich bei der zust\u00e4ndigen Datenschutzbeh\u00f6rde beschweren.<\/p>\n\n\n\n<p>GELTENDES RECHT<\/p>\n\n\n\n<p>Diese Datenschutzrichtlinie unterliegt den Gesetzen der Tschechischen Republik, ohne R\u00fccksicht auf die Kollisionsnormen. Sie stimmen der ausschlie\u00dflichen Zust\u00e4ndigkeit der Gerichte im Zusammenhang mit Klagen oder Streitigkeiten zwischen den Parteien gem\u00e4\u00df oder im Zusammenhang mit dieser Datenschutzrichtlinie zu.<\/p>\n\n\n\n<p>Diese Vereinbarung und Ihre Nutzung der Website unterliegen den Gesetzen der Tschechischen Republik, mit Ausnahme der Kollisionsnormen. Ihre Website kann auch anderen lokalen, staatlichen, nationalen oder internationalen Gesetzen unterliegen.<\/p>\n\n\n\n<p>Indem Sie Forest Cloud nutzen oder uns direkt kontaktieren, erkl\u00e4ren Sie Ihr Einverst\u00e4ndnis mit dieser Datenschutzrichtlinie. Wenn Sie dieser Datenschutzrichtlinie nicht zustimmen, sollten Sie sich nicht mit unserer Website besch\u00e4ftigen oder unsere Dienste nutzen. Die fortgesetzte Nutzung der Website, die direkte Kontaktaufnahme mit uns oder die Ver\u00f6ffentlichung von \u00c4nderungen an dieser Datenschutzrichtlinie, die die Verwendung oder Offenlegung Ihrer personenbezogenen Daten nicht wesentlich beeintr\u00e4chtigen, bedeutet, dass Sie diese \u00c4nderungen akzeptieren.<\/p>\n\n\n\n<p><strong>GDPR -DATENSCHUTZRECHTE<\/strong><\/p>\n\n\n\n<p>Wir m\u00f6chten sicherstellen, dass Sie sich Ihrer Datenschutzrechte voll bewusst sind. Jeder Benutzer hat Anspruch auf:<\/p>\n\n\n\n<p>Auskunftsrecht \u2013 Sie haben das Recht, Kopien Ihrer Daten anzufordern. F\u00fcr diesen Service k\u00f6nnen wir Ihnen eine kleine Geb\u00fchr berechnen.<\/p>\n\n\n\n<p>Das Recht auf Berichtigung \u2013 Sie haben das Recht zu verlangen, dass wir alle Informationen korrigieren, die Sie f\u00fcr unrichtig halten. Sie haben auch das Recht zu verlangen, dass wir die Informationen vervollst\u00e4ndigen, die Sie f\u00fcr unvollst\u00e4ndig halten.<\/p>\n\n\n\n<p>Das Recht auf L\u00f6schung \u2013 Sie haben das Recht zu verlangen, dass wir Ihre Daten unter bestimmten Bedingungen l\u00f6schen.<\/p>\n\n\n\n<p>Das Recht auf Einschr\u00e4nkung der Verarbeitung \u2013 Sie haben das Recht zu verlangen, dass wir die Verarbeitung Ihrer Daten unter bestimmten Bedingungen einschr\u00e4nken.<\/p>\n\n\n\n<p>Das Recht, der Verarbeitung zu widersprechen \u2013 Sie haben das Recht, unserer Verarbeitung Ihrer Daten unter bestimmten Bedingungen zu widersprechen.<\/p>\n\n\n\n<p>Das Recht auf Daten\u00fcbertragbarkeit \u2013 Sie haben das Recht zu verlangen, dass wir die gesammelten Daten unter bestimmten Bedingungen an eine andere Organisation oder direkt an Sie \u00fcbertragen.<\/p>\n\n\n\n<p>Wenn Sie eine Anfrage stellen, haben wir einen Monat Zeit, um Ihnen zu antworten. Wenn Sie eines dieser Rechte aus\u00fcben m\u00f6chten, kontaktieren Sie uns bitte.<\/p>\n\n\n\n<p><strong>INFORMATIONEN F\u00dcR KINDER<\/strong><\/p>\n\n\n\n<p>Ein weiterer Teil unserer Priorit\u00e4t ist der Schutz von Kindern bei der Nutzung des Internets. Wir ermutigen Eltern und Erziehungsberechtigte, ihre Online-Aktivit\u00e4ten zu beobachten, daran teilzunehmen und\/oder sie zu \u00fcberwachen und zu leiten.<\/p>\n\n\n\n<p>Forest Cloud sammelt wissentlich keine personenbezogenen Daten von Kindern unter 18 Jahren. Angenommen, Sie glauben, dass Ihr Kind diese Art von Informationen auf unserer Website bereitgestellt hat. In diesem Fall empfehlen wir Ihnen dringend, sich umgehend mit uns in Verbindung zu setzen, und wir werden unser Bestes tun, um solche Informationen umgehend aus unseren Aufzeichnungen zu entfernen.<\/p>\n\n\n\n<p><strong>COOKIE UND ANDERE TRACKER<\/strong><\/p>\n\n\n\n<p>Wir verwenden verschiedene Cookies und andere Webtracker, die uns bei der Verwaltung und dem Betrieb der Website helfen. Diese Tracker werden haupts\u00e4chlich verwendet, um statistische Informationen \u00fcber Ihre Website-Nutzung zu sammeln; Wir verwenden Cookies f\u00fcr Website-Analysezwecke, wie oben erl\u00e4utert. Wenn Sie Cookies blockieren m\u00f6chten, k\u00f6nnen Sie dies \u00fcber die Einstellungen Ihres Browsers tun. Sie k\u00f6nnen Cookies, die sich bereits auf Ihrem Computer befinden, l\u00f6schen und Ihren Browser so einstellen, dass das Setzen von Cookies f\u00fcr die Zukunft verhindert wird. Weitere Informationen finden Sie im Hilfemen\u00fc des Browsers. Bitte denken Sie auch daran, dass das Deaktivieren von Cookies Ihre Benutzererfahrung auf der Website beeintr\u00e4chtigen kann. Wir reagieren nicht auf \u201eDo Not Track\u201c-Anforderungen von Browsern. Ihnen steht nach dem Gesetz ggf. ein Beschwerderecht bei der zust\u00e4ndigen Datenschutzaufsichtsbeh\u00f6rde zu.<\/p>\n\n\n\n<p><strong>\u00c4NDERUNGEN DIESER RICHTLINIE<\/strong><\/p>\n\n\n\n<p>Von Zeit zu Zeit kann das Unternehmen die Bedingungen dieser Richtlinie \u00e4ndern. Sie stimmen zu, an alle in dieser Richtlinie vorgenommenen \u00c4nderungen gebunden zu sein. Die fortgesetzte Nutzung der Website zeigt an, dass Sie die ge\u00e4nderten Bedingungen akzeptieren. Wenn Sie mit ge\u00e4nderten Bedingungen nicht einverstanden sind, m\u00fcssen Sie die weitere Nutzung der Website vermeiden.<\/p>\n\n\n\n<p><strong>KONTAKTIERE UNS<\/strong><\/p>\n\n\n\n<p>Sie k\u00f6nnen uns bei Fragen oder Kommentaren kontaktieren unter:<\/p>\n\n\n\n<p>Email: <a href=\"mailto:info@forestcloud.io\">info@forestcloud.io<\/a>\u00a0<\/p>\n\n\n\n<p>Via this Link: https:\/\/forestcloud.io\/<\/p>","protected":false},"excerpt":{"rendered":"<p>Venidicta S.R.O. (\u201cForest Cloud\u201d, \u201cwe\u201d, \u201cus\u201d or \u201cour\u201d) respects your privacy and is committed to protecting your data. Please read this Privacy Policy (&#8220;Privacy Policy&#8221;) carefully as it sets out important information relating to how we handle your personal information. This privacy policy will inform you how we look after your data when using our [&hellip;]<\/p>","protected":false},"author":1,"featured_media":0,"parent":0,"menu_order":0,"comment_status":"closed","ping_status":"open","template":"","meta":{"inline_featured_image":false,"footnotes":""},"class_list":["post-3","page","type-page","status-publish","hentry"],"acf":[],"yoast_head":"<!-- This site is optimized with the Yoast SEO plugin v18.4.1 - https:\/\/yoast.com\/wordpress\/plugins\/seo\/ -->\n<title>Privacy Policy - Forest \u0421loud<\/title>\n<meta name=\"robots\" content=\"index, follow, max-snippet:-1, max-image-preview:large, max-video-preview:-1\" \/>\n<link rel=\"canonical\" href=\"https:\/\/forestcloud.io\/de\/privacy-policy\/\" \/>\n<meta property=\"og:locale\" content=\"de_DE\" \/>\n<meta property=\"og:type\" content=\"article\" \/>\n<meta property=\"og:title\" content=\"Privacy Policy - Forest \u0421loud\" \/>\n<meta property=\"og:description\" content=\"Venidicta S.R.O. (\u201cForest Cloud\u201d, \u201cwe\u201d, \u201cus\u201d or \u201cour\u201d) respects your privacy and is committed to protecting your data. Please read this Privacy Policy (&#8220;Privacy Policy&#8221;) carefully as it sets out important information relating to how we handle your personal information. This privacy policy will inform you how we look after your data when using our [&hellip;]\" \/>\n<meta property=\"og:url\" content=\"https:\/\/forestcloud.io\/de\/privacy-policy\/\" \/>\n<meta property=\"og:site_name\" content=\"Forest \u0421loud\" \/>\n<meta property=\"article:publisher\" content=\"https:\/\/www.facebook.com\/forestcloud.io\" \/>\n<meta property=\"article:modified_time\" content=\"2025-01-29T16:38:51+00:00\" \/>\n<meta name=\"twitter:card\" content=\"summary_large_image\" \/>\n<meta name=\"twitter:site\" content=\"@forestcloud_io\" \/>\n<meta name=\"twitter:label1\" content=\"Gesch\u00e4tzte Lesezeit\" \/>\n\t<meta name=\"twitter:data1\" content=\"9\u00a0Minuten\" \/>\n<script type=\"application\/ld+json\" class=\"yoast-schema-graph\">{\"@context\":\"https:\/\/schema.org\",\"@graph\":[{\"@type\":\"WebSite\",\"@id\":\"https:\/\/forestcloud.io\/#website\",\"url\":\"https:\/\/forestcloud.io\/\",\"name\":\"Forest \u0421loud\",\"description\":\"\",\"potentialAction\":[{\"@type\":\"SearchAction\",\"target\":{\"@type\":\"EntryPoint\",\"urlTemplate\":\"https:\/\/forestcloud.io\/?s={search_term_string}\"},\"query-input\":\"required name=search_term_string\"}],\"inLanguage\":\"de\"},{\"@type\":\"WebPage\",\"@id\":\"https:\/\/forestcloud.io\/privacy-policy\/#webpage\",\"url\":\"https:\/\/forestcloud.io\/privacy-policy\/\",\"name\":\"Privacy Policy - Forest \u0421loud\",\"isPartOf\":{\"@id\":\"https:\/\/forestcloud.io\/#website\"},\"datePublished\":\"2022-03-21T13:15:40+00:00\",\"dateModified\":\"2025-01-29T16:38:51+00:00\",\"breadcrumb\":{\"@id\":\"https:\/\/forestcloud.io\/privacy-policy\/#breadcrumb\"},\"inLanguage\":\"de\",\"potentialAction\":[{\"@type\":\"ReadAction\",\"target\":[\"https:\/\/forestcloud.io\/privacy-policy\/\"]}]},{\"@type\":\"BreadcrumbList\",\"@id\":\"https:\/\/forestcloud.io\/privacy-policy\/#breadcrumb\",\"itemListElement\":[{\"@type\":\"ListItem\",\"position\":1,\"name\":\"Home\",\"item\":\"https:\/\/forestcloud.io\/\"},{\"@type\":\"ListItem\",\"position\":2,\"name\":\"Privacy Policy\"}]}]}<\/script>\n<!-- \/ Yoast SEO plugin. -->","yoast_head_json":{"title":"Privacy Policy - Forest \u0421loud","robots":{"index":"index","follow":"follow","max-snippet":"max-snippet:-1","max-image-preview":"max-image-preview:large","max-video-preview":"max-video-preview:-1"},"canonical":"https:\/\/forestcloud.io\/de\/privacy-policy\/","og_locale":"de_DE","og_type":"article","og_title":"Privacy Policy - Forest \u0421loud","og_description":"Venidicta S.R.O. (\u201cForest Cloud\u201d, \u201cwe\u201d, \u201cus\u201d or \u201cour\u201d) respects your privacy and is committed to protecting your data. Please read this Privacy Policy (&#8220;Privacy Policy&#8221;) carefully as it sets out important information relating to how we handle your personal information. This privacy policy will inform you how we look after your data when using our [&hellip;]","og_url":"https:\/\/forestcloud.io\/de\/privacy-policy\/","og_site_name":"Forest \u0421loud","article_publisher":"https:\/\/www.facebook.com\/forestcloud.io","article_modified_time":"2025-01-29T16:38:51+00:00","twitter_card":"summary_large_image","twitter_site":"@forestcloud_io","twitter_misc":{"Gesch\u00e4tzte Lesezeit":"9\u00a0Minuten"},"schema":{"@context":"https:\/\/schema.org","@graph":[{"@type":"WebSite","@id":"https:\/\/forestcloud.io\/#website","url":"https:\/\/forestcloud.io\/","name":"Forest \u0421loud","description":"","potentialAction":[{"@type":"SearchAction","target":{"@type":"EntryPoint","urlTemplate":"https:\/\/forestcloud.io\/?s={search_term_string}"},"query-input":"required name=search_term_string"}],"inLanguage":"de"},{"@type":"WebPage","@id":"https:\/\/forestcloud.io\/privacy-policy\/#webpage","url":"https:\/\/forestcloud.io\/privacy-policy\/","name":"Privacy Policy - Forest \u0421loud","isPartOf":{"@id":"https:\/\/forestcloud.io\/#website"},"datePublished":"2022-03-21T13:15:40+00:00","dateModified":"2025-01-29T16:38:51+00:00","breadcrumb":{"@id":"https:\/\/forestcloud.io\/privacy-policy\/#breadcrumb"},"inLanguage":"de","potentialAction":[{"@type":"ReadAction","target":["https:\/\/forestcloud.io\/privacy-policy\/"]}]},{"@type":"BreadcrumbList","@id":"https:\/\/forestcloud.io\/privacy-policy\/#breadcrumb","itemListElement":[{"@type":"ListItem","position":1,"name":"Home","item":"https:\/\/forestcloud.io\/"},{"@type":"ListItem","position":2,"name":"Privacy Policy"}]}]}},"_links":{"self":[{"href":"https:\/\/forestcloud.io\/de\/wp-json\/wp\/v2\/pages\/3","targetHints":{"allow":["GET"]}}],"collection":[{"href":"https:\/\/forestcloud.io\/de\/wp-json\/wp\/v2\/pages"}],"about":[{"href":"https:\/\/forestcloud.io\/de\/wp-json\/wp\/v2\/types\/page"}],"author":[{"embeddable":true,"href":"https:\/\/forestcloud.io\/de\/wp-json\/wp\/v2\/users\/1"}],"replies":[{"embeddable":true,"href":"https:\/\/forestcloud.io\/de\/wp-json\/wp\/v2\/comments?post=3"}],"version-history":[{"count":6,"href":"https:\/\/forestcloud.io\/de\/wp-json\/wp\/v2\/pages\/3\/revisions"}],"predecessor-version":[{"id":1461,"href":"https:\/\/forestcloud.io\/de\/wp-json\/wp\/v2\/pages\/3\/revisions\/1461"}],"wp:attachment":[{"href":"https:\/\/forestcloud.io\/de\/wp-json\/wp\/v2\/media?parent=3"}],"curies":[{"name":"wp","href":"https:\/\/api.w.org\/{rel}","templated":true}]}}